{"id":534,"date":"2022-10-17T03:37:45","date_gmt":"2022-10-17T03:37:45","guid":{"rendered":"https:\/\/www.fatcowwebdesign.com\/termes-et-conditions\/"},"modified":"2024-10-21T01:10:17","modified_gmt":"2024-10-21T01:10:17","slug":"termes-et-conditions","status":"publish","type":"page","link":"https:\/\/www.fatcowwebdesign.com\/fr\/termes-et-conditions\/","title":{"rendered":"Termes et conditions"},"content":{"rendered":"<p>[et_pb_section fb_built=\u00a0\u00bb1&Prime; custom_padding_last_edited=\u00a0\u00bbon|tablet\u00a0\u00bb _builder_version=\u00a0\u00bb4.17.3&Prime; _module_preset=\u00a0\u00bbdefault\u00a0\u00bb background_color=\u00a0\u00bbrgba(0,0,0,0.2)\u00a0\u00bb background_image=\u00a0\u00bbhttps:\/\/www.fatcowwebdesign.com\/wp-content\/uploads\/2022\/10\/pexels-fauxels-3182784.jpg\u00a0\u00bb background_blend=\u00a0\u00bboverlay\u00a0\u00bb custom_margin=\u00a0\u00bb-6vw||||false|false\u00a0\u00bb custom_margin_tablet=\u00a0\u00bb-11vw||||false|false\u00a0\u00bb custom_margin_phone=\u00a0\u00bb-19vw||||false|false\u00a0\u00bb custom_margin_last_edited=\u00a0\u00bbon|tablet\u00a0\u00bb custom_padding=\u00a0\u00bb250px||150px||false|false\u00a0\u00bb custom_padding_tablet=\u00a0\u00bb150px||100px||false|false\u00a0\u00bb custom_padding_phone=\u00a0\u00bb100px||50px||false|false\u00a0\u00bb bottom_divider_style=\u00a0\u00bbarrow\u00a0\u00bb bottom_divider_color=\u00a0\u00bb#ffcc33&Prime; bottom_divider_height=\u00a0\u00bb30px\u00a0\u00bb locked=\u00a0\u00bboff\u00a0\u00bb global_colors_info=\u00a0\u00bb{}\u00a0\u00bb theme_builder_area=\u00a0\u00bbpost_content\u00a0\u00bb][et_pb_row _builder_version=\u00a0\u00bb4.17.3&Prime; _module_preset=\u00a0\u00bbdefault\u00a0\u00bb global_colors_info=\u00a0\u00bb{}\u00a0\u00bb theme_builder_area=\u00a0\u00bbpost_content\u00a0\u00bb][et_pb_column type=\u00a0\u00bb4_4&Prime; _builder_version=\u00a0\u00bb4.17.3&Prime; _module_preset=\u00a0\u00bbdefault\u00a0\u00bb global_colors_info=\u00a0\u00bb{}\u00a0\u00bb theme_builder_area=\u00a0\u00bbpost_content\u00a0\u00bb][et_pb_text _builder_version=\u00a0\u00bb4.17.3&Prime; _module_preset=\u00a0\u00bbdefault\u00a0\u00bb header_font=\u00a0\u00bb|700|||||||\u00a0\u00bb header_text_align=\u00a0\u00bbcenter\u00a0\u00bb header_text_color=\u00a0\u00bb#FFFFFF\u00a0\u00bb header_font_size=\u00a0\u00bb110px\u00a0\u00bb header_letter_spacing=\u00a0\u00bb5px\u00a0\u00bb header_line_height=\u00a0\u00bb1.2em\u00a0\u00bb custom_margin=\u00a0\u00bb||0px||false|false\u00a0\u00bb hover_enabled=\u00a0\u00bb0&Prime; header_font_size_tablet=\u00a0\u00bb80px\u00a0\u00bb header_font_size_phone=\u00a0\u00bb50px\u00a0\u00bb header_font_size_last_edited=\u00a0\u00bbon|tablet\u00a0\u00bb global_colors_info=\u00a0\u00bb{}\u00a0\u00bb theme_builder_area=\u00a0\u00bbpost_content\u00a0\u00bb sticky_enabled=\u00a0\u00bb0&Prime;]<\/p>\n<h1>Termes et conditions<\/h1>\n<p>[\/et_pb_text][\/et_pb_column][\/et_pb_row][\/et_pb_section][et_pb_section fb_built=\u00a0\u00bb1&Prime; _builder_version=\u00a0\u00bb4.17.3&Prime; _module_preset=\u00a0\u00bbdefault\u00a0\u00bb custom_padding=\u00a0\u00bb80px||80px||true|false\u00a0\u00bb top_divider_style=\u00a0\u00bbarrow\u00a0\u00bb top_divider_color=\u00a0\u00bb#ffcc33&Prime; top_divider_height=\u00a0\u00bb30px\u00a0\u00bb global_colors_info=\u00a0\u00bb{}\u00a0\u00bb theme_builder_area=\u00a0\u00bbpost_content\u00a0\u00bb][et_pb_row _builder_version=\u00a0\u00bb4.17.3&Prime; _module_preset=\u00a0\u00bbdefault\u00a0\u00bb global_colors_info=\u00a0\u00bb{}\u00a0\u00bb theme_builder_area=\u00a0\u00bbpost_content\u00a0\u00bb][et_pb_column type=\u00a0\u00bb4_4&Prime; _builder_version=\u00a0\u00bb4.17.3&Prime; _module_preset=\u00a0\u00bbdefault\u00a0\u00bb global_colors_info=\u00a0\u00bb{}\u00a0\u00bb theme_builder_area=\u00a0\u00bbpost_content\u00a0\u00bb][et_pb_text _builder_version=\u00a0\u00bb4.17.3&Prime; _module_preset=\u00a0\u00bbdefault\u00a0\u00bb header_font_size=\u00a0\u00bb32px\u00a0\u00bb header_2_font_size=\u00a0\u00bb28px\u00a0\u00bb header_3_font_size=\u00a0\u00bb28px\u00a0\u00bb custom_padding=\u00a0\u00bb30px|30px|30px|30px|true|true\u00a0\u00bb hover_enabled=\u00a0\u00bb0&Prime; border_radii=\u00a0\u00bbon|12px|12px|12px|12px\u00a0\u00bb border_width_all=\u00a0\u00bb5px\u00a0\u00bb border_color_all=\u00a0\u00bb#ffcc33&Prime; global_colors_info=\u00a0\u00bb{}\u00a0\u00bb theme_builder_area=\u00a0\u00bbpost_content\u00a0\u00bb header_3_letter_spacing=\u00a0\u00bb2px\u00a0\u00bb header_3_font=\u00a0\u00bb||||||||\u00a0\u00bb sticky_enabled=\u00a0\u00bb0&Prime;]<\/p>\n<p>Bienvenue sur https:\/\/www.fatcowwebdesign.com\/ !<\/p>\n<p>Ces termes et conditions d\u00e9finissent les r\u00e8gles et r\u00e8glements r\u00e9gissant l&rsquo;utilisation du site web de Fat Cow Web Design, situ\u00e9 \u00e0 Fat Cow Web Design.<\/p>\n<p>En acc\u00e9dant \u00e0 ce site web, nous supposons que vous acceptez ces termes et conditions. Ne continuez pas \u00e0 utiliser https:\/\/www.fatcowwebdesign.com\/ si vous n&rsquo;acceptez pas tous les termes et conditions \u00e9nonc\u00e9s sur cette page.<\/p>\n<p>La terminologie suivante s&rsquo;applique \u00e0 ces Termes et Conditions, \u00e0 la D\u00e9claration de Confidentialit\u00e9 et \u00e0 l&rsquo;Avis de Non-Responsabilit\u00e9, ainsi qu&rsquo;\u00e0 tous les Accords : \u00ab\u00a0Client\u00a0\u00bb, \u00ab\u00a0Vous\u00a0\u00bb et \u00ab\u00a0Votre\u00a0\u00bb font r\u00e9f\u00e9rence \u00e0 vous, la personne qui se connecte sur ce site web et qui est conforme aux termes et conditions de la Soci\u00e9t\u00e9. \u00ab\u00a0La Soci\u00e9t\u00e9\u00a0\u00bb, \u00ab\u00a0Nous\u00a0\u00bb, \u00ab\u00a0Nos\u00a0\u00bb et \u00ab\u00a0Notre\u00a0\u00bb font r\u00e9f\u00e9rence \u00e0 notre Soci\u00e9t\u00e9. \u00ab\u00a0Partie\u00a0\u00bb, \u00ab\u00a0Parties\u00a0\u00bb, ou \u00ab\u00a0Nous\u00a0\u00bb, fait r\u00e9f\u00e9rence \u00e0 la fois au Client et \u00e0 nous-m\u00eames. Tous les termes se rapportent \u00e0 l&rsquo;offre, l&rsquo;acceptation et la consid\u00e9ration du paiement n\u00e9cessaire pour entreprendre le processus de notre assistance au Client de la mani\u00e8re la plus appropri\u00e9e pour le but express de r\u00e9pondre aux besoins du Client en ce qui concerne la fourniture des services d\u00e9clar\u00e9s de la Soci\u00e9t\u00e9, conform\u00e9ment \u00e0 et sous r\u00e9serve de la loi en vigueur aux Pays-Bas. Toute utilisation de la terminologie ci-dessus ou d&rsquo;autres mots au singulier, pluriel, en majuscules et\/ou il\/elle ou ils, est consid\u00e9r\u00e9e comme interchangeable et, par cons\u00e9quent, comme se r\u00e9f\u00e9rant au m\u00eame.<\/p>\n<h3><strong>Cookies<\/strong><\/h3>\n<p>Nous utilisons des cookies. En acc\u00e9dant \u00e0 https:\/\/www.fatcowwebdesign.com\/, vous acceptez l&rsquo;utilisation des cookies en accord avec la Politique de Confidentialit\u00e9 de Fat Cow Web Design.<\/p>\n<p>La plupart des sites web interactifs utilisent des cookies pour nous permettre de r\u00e9cup\u00e9rer les d\u00e9tails de l&rsquo;utilisateur \u00e0 chaque visite. Les cookies sont utilis\u00e9s par notre site web pour activer la fonctionnalit\u00e9 de certaines zones afin de rendre plus facile la visite des personnes sur notre site web. Certains de nos partenaires affili\u00e9s\/publicitaires peuvent \u00e9galement utiliser des cookies.<\/p>\n<h3><strong>Licence<\/strong><\/h3>\n<p>Sauf indication contraire, Fat Cow Web Design et\/ou ses conc\u00e9dants d\u00e9tiennent les droits de propri\u00e9t\u00e9 intellectuelle pour tout le mat\u00e9riel sur https:\/\/www.fatcowwebdesign.com\/. Tous les droits de propri\u00e9t\u00e9 intellectuelle sont r\u00e9serv\u00e9s. Vous pouvez acc\u00e9der \u00e0 ce site depuis https:\/\/www.fatcowwebdesign.com\/ pour votre usage personnel, sous r\u00e9serve des restrictions d\u00e9finies dans ces termes et conditions.<\/p>\n<p>Vous ne devez pas :<\/p>\n<ul>\n<li>Republier le contenu de https:\/\/www.fatcowwebdesign.com\/<\/li>\n<li>Vendre, louer ou sous-licencier le contenu de https:\/\/www.fatcowwebdesign.com\/<\/li>\n<li>Reproduire, dupliquer ou copier le contenu de https:\/\/www.fatcowwebdesign.com\/<\/li>\n<li>Redistribuer le contenu de https:\/\/www.fatcowwebdesign.com\/<\/li>\n<\/ul>\n<p>Le pr\u00e9sent accord commence \u00e0 la date des pr\u00e9sentes. Nos Termes et Conditions ont \u00e9t\u00e9 cr\u00e9\u00e9s avec l&rsquo;aide du <a href=\"https:\/\/www.termsandconditionsgenerator.com\/\">g\u00e9n\u00e9rateur gratuit de termes et conditions<\/a>.<\/p>\n<p>Certaines parties de ce site web offrent aux utilisateurs la possibilit\u00e9 de publier et d&rsquo;\u00e9changer des opinions et des informations dans certaines zones du site. Fat Cow Web Design ne filtre pas, n&rsquo;\u00e9dite pas, ne publie pas ou ne r\u00e9vise pas les Commentaires avant leur pr\u00e9sence sur le site web. Les commentaires ne refl\u00e8tent pas les vues et opinions de Fat Cow Web Design, ses agents et\/ou affili\u00e9s. Les commentaires refl\u00e8tent les vues et opinions de la personne qui les publie. Dans la mesure permise par les lois applicables, Fat Cow Web Design ne sera pas responsable des commentaires ou de toute responsabilit\u00e9, dommage ou d\u00e9pense caus\u00e9(e) et\/ou subi(e) \u00e0 la suite de toute utilisation et\/ou publication et\/ou apparition des commentaires sur ce site web.<\/p>\n<p>Fat Cow Web Design se r\u00e9serve le droit de surveiller tous les commentaires et de supprimer tout commentaire pouvant \u00eatre consid\u00e9r\u00e9 comme inappropri\u00e9, offensant ou en violation de ces Termes et Conditions.<\/p>\n<p>Vous garantissez et d\u00e9clarez que :<\/p>\n<ul>\n<li>Vous \u00eates autoris\u00e9 \u00e0 publier les commentaires sur notre site web et disposez de toutes les licences et autorisations n\u00e9cessaires pour le faire;<\/li>\n<li>Les commentaires n&rsquo;enfreignent aucun droit de propri\u00e9t\u00e9 intellectuelle, y compris, mais sans s&rsquo;y limiter, le droit d&rsquo;auteur, le brevet ou la marque d\u00e9pos\u00e9e de tout tiers;<\/li>\n<li>Les commentaires ne contiennent aucun mat\u00e9riel diffamatoire, calomnieux, offensant, ind\u00e9cent ou autrement ill\u00e9gal constituant une atteinte \u00e0 la vie priv\u00e9e;<\/li>\n<li>Les commentaires ne seront pas utilis\u00e9s pour solliciter ou promouvoir des affaires ou des coutumes ou pour pr\u00e9senter des activit\u00e9s commerciales ou des activit\u00e9s ill\u00e9gales.<\/li>\n<\/ul>\n<p>Vous accordez par la pr\u00e9sente \u00e0 Fat Cow Web Design une licence non exclusive d&rsquo;utiliser, de reproduire, de modifier et d&rsquo;autoriser d&rsquo;autres personnes \u00e0 utiliser, de reproduire et de modifier l&rsquo;un de vos commentaires dans toutes les formes, formats ou m\u00e9dias.<\/p>\n<h3><strong>Hyperliens vers notre Contenu<\/strong><\/h3>\n<p>Les organisations suivantes peuvent cr\u00e9er un lien vers notre site Web sans autorisation \u00e9crite pr\u00e9alable :<\/p>\n<ul>\n<li>Les agences gouvernementales;<\/li>\n<li>Les moteurs de recherche;<\/li>\n<li>Les organisations de presse;<\/li>\n<li>Les distributeurs d&rsquo;annuaires en ligne peuvent cr\u00e9er un lien vers notre site Web de la m\u00eame mani\u00e8re qu&rsquo;ils cr\u00e9ent un hyperlien vers les sites Web d&rsquo;autres entreprises r\u00e9pertori\u00e9es; et<\/li>\n<li>Les entreprises accr\u00e9dit\u00e9es au niveau du syst\u00e8me, \u00e0 l&rsquo;exception des organisations \u00e0 but non lucratif sollicitantes, des centres commerciaux caritatifs et des groupes de collecte de fonds caritatifs qui ne peuvent pas cr\u00e9er d&rsquo;hyperlien vers notre site Web.<\/li>\n<\/ul>\n<p>Ces organisations peuvent cr\u00e9er un lien vers notre page d&rsquo;accueil, vers des publications ou vers d&rsquo;autres informations du site Web, \u00e0 condition que le lien : (a) ne soit en aucun cas trompeur ; (b) n&rsquo;implique pas faussement un parrainage, un soutien ou une approbation de la partie qui cr\u00e9e le lien et de ses produits et\/ou services ; et (c) s&rsquo;inscrive dans le contexte du site de la partie qui cr\u00e9e le lien.<\/p>\n<p>Nous pouvons examiner et approuver d&rsquo;autres demandes de lien provenant des types d&rsquo;organisations suivants :<\/p>\n<ul>\n<li>Sources d&rsquo;informations grand public et\/ou commerciales couramment connues ;<\/li>\n<li>Sites communautaires dot.com ;<\/li>\n<li>Associations ou autres groupes repr\u00e9sentant des \u0153uvres de bienfaisance ;<\/li>\n<li>Distributeurs d&rsquo;annuaires en ligne ;<\/li>\n<li>Portails Internet ;<\/li>\n<li>Cabinets comptables, juridiques et de conseil ; et<\/li>\n<li>\u00c9tablissements d&rsquo;enseignement et associations professionnelles.<\/li>\n<\/ul>\n<p>Nous approuverons les demandes de lien provenant de ces organisations si nous d\u00e9cidons que : (a) le lien ne nous ferait pas para\u00eetre d\u00e9favorablement nous-m\u00eames ou nos entreprises accr\u00e9dit\u00e9es ; (b) l&rsquo;organisation n&rsquo;a aucun dossier n\u00e9gatif avec nous ; (c) le b\u00e9n\u00e9fice pour nous de la visibilit\u00e9 de l&rsquo;hyperlien compense l&rsquo;absence de Fat Cow Web Design ; et (d) le lien s&rsquo;inscrit dans le contexte d&rsquo;une information g\u00e9n\u00e9rale sur les ressources.<\/p>\n<p>Ces organisations peuvent cr\u00e9er un lien vers notre page d&rsquo;accueil tant que le lien : (a) n&rsquo;est en aucun cas trompeur ; (b) n&rsquo;implique pas faussement un parrainage, une approbation de la partie qui cr\u00e9e le lien et de ses produits ou services ; et (c) s&rsquo;inscrit dans le contexte du site de la partie qui cr\u00e9e le lien.<\/p>\n<p>Si vous \u00eates l&rsquo;une des organisations \u00e9num\u00e9r\u00e9es au paragraphe 2 ci-dessus et que vous souhaitez cr\u00e9er un lien vers notre site Web, vous devez nous en informer en envoyant un e-mail \u00e0 Fat Cow Web Design. Veuillez inclure votre nom, le nom de votre organisation, vos coordonn\u00e9es ainsi que l&rsquo;URL de votre site, une liste des URL \u00e0 partir desquelles vous avez l&rsquo;intention de cr\u00e9er un lien vers notre site Web et une liste des URL de notre site auxquelles vous aimeriez cr\u00e9er un lien. Attendez 2-3 semaines pour une r\u00e9ponse.<\/p>\n<p>Les organisations approuv\u00e9es peuvent cr\u00e9er un hyperlien vers notre site Web de la mani\u00e8re suivante :<\/p>\n<ul>\n<li>En utilisant notre d\u00e9nomination sociale ; ou<\/li>\n<li>En utilisant l&rsquo;adresse URL uniforme \u00e0 laquelle il est li\u00e9 ; ou<\/li>\n<li>En utilisant toute autre description de notre site Web qui a du sens dans le contexte et le format du contenu sur le site de la partie qui cr\u00e9e le lien.<\/li>\n<\/ul>\n<p>L&rsquo;utilisation du logo ou d&rsquo;autres illustrations de Fat Cow Web Design ne sera pas autoris\u00e9e pour le lien sans un accord de licence de marque.<\/p>\n<h3><strong>iFrames<\/strong><\/h3>\n<p>Sauf autorisation pr\u00e9alable et \u00e9crite, vous ne pouvez pas cr\u00e9er de cadres autour de nos pages Web qui modifient de quelque mani\u00e8re que ce soit la pr\u00e9sentation visuelle ou l&rsquo;apparence de notre site Web.<\/p>\n<h3><strong>Responsabilit\u00e9 du Contenu<\/strong><\/h3>\n<p>Nous ne serons pas tenus responsables de tout contenu apparaissant sur votre site Web. Vous acceptez de nous prot\u00e9ger et de nous d\u00e9fendre contre toute r\u00e9clamation r\u00e9sultant de votre site Web. Aucun lien(s) ne doit appara\u00eetre sur un site Web qui pourrait \u00eatre interpr\u00e9t\u00e9 comme diffamatoire, obsc\u00e8ne ou criminel, ou qui enfreint, viole ou pr\u00f4ne la violation de tout droit de tiers.<\/p>\n<h3><strong>Votre Confidentialit\u00e9<\/strong><\/h3>\n<p>Veuillez lire la Politique de Confidentialit\u00e9<\/p>\n<h3><strong>R\u00e9serve de Droits<\/strong><\/h3>\n<p>Nous nous r\u00e9servons le droit de vous demander de supprimer tous les liens ou tout lien particulier vers notre site Web. Vous approuvez de supprimer imm\u00e9diatement tous les liens vers notre site Web sur demande. Nous nous r\u00e9servons \u00e9galement le droit de modifier ces termes et conditions et sa politique de liens \u00e0 tout moment. En cr\u00e9ant continuellement un lien vers notre site Web, vous acceptez d&rsquo;\u00eatre li\u00e9 et de suivre ces termes et conditions de liaison.<\/p>\n<h3><strong>Suppression de liens de notre site web<\/strong><\/h3>\n<p>Si vous trouvez un lien sur notre site Web qui est offensant pour quelque raison que ce soit, vous \u00eates libre de nous contacter et de nous en informer \u00e0 tout moment. Nous examinerons les demandes de suppression de liens, mais nous ne sommes pas oblig\u00e9s de le faire ou de vous r\u00e9pondre directement.<\/p>\n<p>Nous ne garantissons pas que les informations sur ce site Web sont correctes, nous ne garantissons pas son exhaustivit\u00e9 ou son exactitude ; nous ne promettons pas non plus de garantir que le site Web reste disponible ou que le mat\u00e9riel sur le site Web est \u00e0 jour.<\/p>\n<h3><strong>Avis de Non-Responsabilit\u00e9<\/strong><\/h3>\n<p>Dans toute la mesure permise par la loi applicable, nous excluons toutes les repr\u00e9sentations, garanties et conditions relatives \u00e0 notre site Web et \u00e0 l&rsquo;utilisation de ce site Web. Rien dans cet avis de non-responsabilit\u00e9 ne pourra :<\/p>\n<ul>\n<li>Limiter ou exclure notre responsabilit\u00e9 ou la v\u00f4tre en cas de d\u00e9c\u00e8s ou de blessures corporelles ;<\/li>\n<li>Limiter ou exclure notre responsabilit\u00e9 ou la v\u00f4tre en cas de fraude ou de fausse d\u00e9claration frauduleuse ;<\/li>\n<li>Limiter l&rsquo;une de nos responsabilit\u00e9s ou des v\u00f4tres d&rsquo;une mani\u00e8re qui n&rsquo;est pas autoris\u00e9e par la loi applicable ; ou<\/li>\n<li>Exclure l&rsquo;une de nos responsabilit\u00e9s ou des v\u00f4tres qui ne peuvent \u00eatre exclues en vertu de la loi applicable.<\/li>\n<\/ul>\n<p>Les limitations et interdictions de responsabilit\u00e9 \u00e9nonc\u00e9es dans cette section et ailleurs dans cet avis de non-responsabilit\u00e9 : (a) sont soumises au paragraphe pr\u00e9c\u00e9dent ; et (b) r\u00e9gissent toutes les responsabilit\u00e9s d\u00e9coulant de l&rsquo;avis de non-responsabilit\u00e9, y compris les responsabilit\u00e9s d\u00e9coulant du contrat, de la responsabilit\u00e9 d\u00e9lictuelle et de la violation d&rsquo;une obligation l\u00e9gale.<\/p>\n<p>Tant que le site Web et les informations et services sur le site Web sont fournis gratuitement, nous ne serons pas responsables de toute perte ou dommage de quelque nature que ce soit.<\/p>\n<p>[\/et_pb_text][\/et_pb_column][\/et_pb_row][\/et_pb_section]<\/p>\n","protected":false},"excerpt":{"rendered":"<p>Termes et conditionsBienvenue sur https:\/\/www.fatcowwebdesign.com\/ ! Ces termes et conditions d\u00e9finissent les r\u00e8gles et r\u00e8glements r\u00e9gissant l&rsquo;utilisation du site web de Fat Cow Web Design, situ\u00e9 \u00e0 Fat Cow Web Design. En acc\u00e9dant \u00e0 ce site web, nous supposons que vous acceptez ces termes et conditions. Ne continuez pas \u00e0 utiliser https:\/\/www.fatcowwebdesign.com\/ si vous n&rsquo;acceptez [&hellip;]<\/p>\n","protected":false},"author":1,"featured_media":0,"parent":0,"menu_order":0,"comment_status":"closed","ping_status":"closed","template":"","meta":{"_et_pb_use_builder":"on","_et_pb_old_content":"","_et_gb_content_width":"","footnotes":""},"class_list":["post-534","page","type-page","status-publish","hentry"],"yoast_head":"<!-- This site is optimized with the Yoast SEO plugin v27.5 - https:\/\/yoast.com\/product\/yoast-seo-wordpress\/ -->\n<title>Termes et conditions - Fat Cow Web Design<\/title>\n<meta name=\"robots\" content=\"index, follow, max-snippet:-1, max-image-preview:large, max-video-preview:-1\" \/>\n<link rel=\"canonical\" href=\"https:\/\/www.fatcowwebdesign.com\/fr\/termes-et-conditions\/\" \/>\n<meta property=\"og:locale\" content=\"fr_FR\" \/>\n<meta property=\"og:type\" content=\"article\" \/>\n<meta property=\"og:title\" content=\"Termes et conditions - Fat Cow Web Design\" \/>\n<meta property=\"og:description\" content=\"Termes et conditionsBienvenue sur https:\/\/www.fatcowwebdesign.com\/ ! Ces termes et conditions d\u00e9finissent les r\u00e8gles et r\u00e8glements r\u00e9gissant l&#039;utilisation du site web de Fat Cow Web Design, situ\u00e9 \u00e0 Fat Cow Web Design. En acc\u00e9dant \u00e0 ce site web, nous supposons que vous acceptez ces termes et conditions. Ne continuez pas \u00e0 utiliser https:\/\/www.fatcowwebdesign.com\/ si vous n&#039;acceptez [&hellip;]\" \/>\n<meta property=\"og:url\" content=\"https:\/\/www.fatcowwebdesign.com\/fr\/termes-et-conditions\/\" \/>\n<meta property=\"og:site_name\" content=\"Fat Cow Web Design\" \/>\n<meta property=\"article:modified_time\" content=\"2024-10-21T01:10:17+00:00\" \/>\n<meta name=\"twitter:card\" content=\"summary_large_image\" \/>\n<meta name=\"twitter:label1\" content=\"Dur\u00e9e de lecture estim\u00e9e\" \/>\n\t<meta name=\"twitter:data1\" content=\"11 minutes\" \/>\n<script type=\"application\/ld+json\" class=\"yoast-schema-graph\">{\"@context\":\"https:\\\/\\\/schema.org\",\"@graph\":[{\"@type\":\"WebPage\",\"@id\":\"https:\\\/\\\/www.fatcowwebdesign.com\\\/fr\\\/termes-et-conditions\\\/\",\"url\":\"https:\\\/\\\/www.fatcowwebdesign.com\\\/fr\\\/termes-et-conditions\\\/\",\"name\":\"Termes et conditions - Fat Cow Web Design\",\"isPartOf\":{\"@id\":\"https:\\\/\\\/www.fatcowwebdesign.com\\\/fr\\\/#website\"},\"datePublished\":\"2022-10-17T03:37:45+00:00\",\"dateModified\":\"2024-10-21T01:10:17+00:00\",\"breadcrumb\":{\"@id\":\"https:\\\/\\\/www.fatcowwebdesign.com\\\/fr\\\/termes-et-conditions\\\/#breadcrumb\"},\"inLanguage\":\"fr-FR\",\"potentialAction\":[{\"@type\":\"ReadAction\",\"target\":[\"https:\\\/\\\/www.fatcowwebdesign.com\\\/fr\\\/termes-et-conditions\\\/\"]}]},{\"@type\":\"BreadcrumbList\",\"@id\":\"https:\\\/\\\/www.fatcowwebdesign.com\\\/fr\\\/termes-et-conditions\\\/#breadcrumb\",\"itemListElement\":[{\"@type\":\"ListItem\",\"position\":1,\"name\":\"Home\",\"item\":\"https:\\\/\\\/www.fatcowwebdesign.com\\\/fr\\\/\"},{\"@type\":\"ListItem\",\"position\":2,\"name\":\"Termes et conditions\"}]},{\"@type\":\"WebSite\",\"@id\":\"https:\\\/\\\/www.fatcowwebdesign.com\\\/fr\\\/#website\",\"url\":\"https:\\\/\\\/www.fatcowwebdesign.com\\\/fr\\\/\",\"name\":\"Fat Cow Web Design\",\"description\":\"\",\"potentialAction\":[{\"@type\":\"SearchAction\",\"target\":{\"@type\":\"EntryPoint\",\"urlTemplate\":\"https:\\\/\\\/www.fatcowwebdesign.com\\\/fr\\\/?s={search_term_string}\"},\"query-input\":{\"@type\":\"PropertyValueSpecification\",\"valueRequired\":true,\"valueName\":\"search_term_string\"}}],\"inLanguage\":\"fr-FR\"}]}<\/script>\n<!-- \/ Yoast SEO plugin. -->","yoast_head_json":{"title":"Termes et conditions - Fat Cow Web Design","robots":{"index":"index","follow":"follow","max-snippet":"max-snippet:-1","max-image-preview":"max-image-preview:large","max-video-preview":"max-video-preview:-1"},"canonical":"https:\/\/www.fatcowwebdesign.com\/fr\/termes-et-conditions\/","og_locale":"fr_FR","og_type":"article","og_title":"Termes et conditions - Fat Cow Web Design","og_description":"Termes et conditionsBienvenue sur https:\/\/www.fatcowwebdesign.com\/ ! Ces termes et conditions d\u00e9finissent les r\u00e8gles et r\u00e8glements r\u00e9gissant l'utilisation du site web de Fat Cow Web Design, situ\u00e9 \u00e0 Fat Cow Web Design. En acc\u00e9dant \u00e0 ce site web, nous supposons que vous acceptez ces termes et conditions. Ne continuez pas \u00e0 utiliser https:\/\/www.fatcowwebdesign.com\/ si vous n'acceptez [&hellip;]","og_url":"https:\/\/www.fatcowwebdesign.com\/fr\/termes-et-conditions\/","og_site_name":"Fat Cow Web Design","article_modified_time":"2024-10-21T01:10:17+00:00","twitter_card":"summary_large_image","twitter_misc":{"Dur\u00e9e de lecture estim\u00e9e":"11 minutes"},"schema":{"@context":"https:\/\/schema.org","@graph":[{"@type":"WebPage","@id":"https:\/\/www.fatcowwebdesign.com\/fr\/termes-et-conditions\/","url":"https:\/\/www.fatcowwebdesign.com\/fr\/termes-et-conditions\/","name":"Termes et conditions - Fat Cow Web Design","isPartOf":{"@id":"https:\/\/www.fatcowwebdesign.com\/fr\/#website"},"datePublished":"2022-10-17T03:37:45+00:00","dateModified":"2024-10-21T01:10:17+00:00","breadcrumb":{"@id":"https:\/\/www.fatcowwebdesign.com\/fr\/termes-et-conditions\/#breadcrumb"},"inLanguage":"fr-FR","potentialAction":[{"@type":"ReadAction","target":["https:\/\/www.fatcowwebdesign.com\/fr\/termes-et-conditions\/"]}]},{"@type":"BreadcrumbList","@id":"https:\/\/www.fatcowwebdesign.com\/fr\/termes-et-conditions\/#breadcrumb","itemListElement":[{"@type":"ListItem","position":1,"name":"Home","item":"https:\/\/www.fatcowwebdesign.com\/fr\/"},{"@type":"ListItem","position":2,"name":"Termes et conditions"}]},{"@type":"WebSite","@id":"https:\/\/www.fatcowwebdesign.com\/fr\/#website","url":"https:\/\/www.fatcowwebdesign.com\/fr\/","name":"Fat Cow Web Design","description":"","potentialAction":[{"@type":"SearchAction","target":{"@type":"EntryPoint","urlTemplate":"https:\/\/www.fatcowwebdesign.com\/fr\/?s={search_term_string}"},"query-input":{"@type":"PropertyValueSpecification","valueRequired":true,"valueName":"search_term_string"}}],"inLanguage":"fr-FR"}]}},"_links":{"self":[{"href":"https:\/\/www.fatcowwebdesign.com\/fr\/wp-json\/wp\/v2\/pages\/534","targetHints":{"allow":["GET"]}}],"collection":[{"href":"https:\/\/www.fatcowwebdesign.com\/fr\/wp-json\/wp\/v2\/pages"}],"about":[{"href":"https:\/\/www.fatcowwebdesign.com\/fr\/wp-json\/wp\/v2\/types\/page"}],"author":[{"embeddable":true,"href":"https:\/\/www.fatcowwebdesign.com\/fr\/wp-json\/wp\/v2\/users\/1"}],"replies":[{"embeddable":true,"href":"https:\/\/www.fatcowwebdesign.com\/fr\/wp-json\/wp\/v2\/comments?post=534"}],"version-history":[{"count":2,"href":"https:\/\/www.fatcowwebdesign.com\/fr\/wp-json\/wp\/v2\/pages\/534\/revisions"}],"predecessor-version":[{"id":536,"href":"https:\/\/www.fatcowwebdesign.com\/fr\/wp-json\/wp\/v2\/pages\/534\/revisions\/536"}],"wp:attachment":[{"href":"https:\/\/www.fatcowwebdesign.com\/fr\/wp-json\/wp\/v2\/media?parent=534"}],"curies":[{"name":"wp","href":"https:\/\/api.w.org\/{rel}","templated":true}]}}